{"id":122,"date":"2024-10-11T03:28:41","date_gmt":"2024-10-11T03:28:41","guid":{"rendered":"https:\/\/luandeiroscapoeira.com.br\/?page_id=122"},"modified":"2024-10-11T04:28:49","modified_gmt":"2024-10-11T04:28:49","slug":"capoeira","status":"publish","type":"page","link":"https:\/\/luandeiroscapoeira.com.br\/index.php\/capoeira\/","title":{"rendered":"Capoeira"},"content":{"rendered":"\t\t<div data-elementor-type=\"wp-page\" data-elementor-id=\"122\" class=\"elementor elementor-122\" data-elementor-post-type=\"page\">\n\t\t\t\t<div class=\"elementor-element elementor-element-e9f9798 e-flex e-con-boxed e-con e-parent\" data-id=\"e9f9798\" data-element_type=\"container\">\n\t\t\t\t\t<div class=\"e-con-inner\">\n\t\t<div class=\"elementor-element elementor-element-8caadd9 e-con-full e-flex e-con e-child\" data-id=\"8caadd9\" data-element_type=\"container\" data-settings=\"{&quot;background_background&quot;:&quot;classic&quot;}\">\n\t\t<div class=\"elementor-element elementor-element-c22dedc e-con-full e-flex e-con e-child\" data-id=\"c22dedc\" data-element_type=\"container\">\n\t\t\t\t<div class=\"elementor-element elementor-element-e43c455 elementor-widget elementor-widget-spacer\" data-id=\"e43c455\" data-element_type=\"widget\" data-widget_type=\"spacer.default\">\n\t\t\t\t<div class=\"elementor-widget-container\">\n\t\t\t\t\t<div class=\"elementor-spacer\">\n\t\t\t<div class=\"elementor-spacer-inner\"><\/div>\n\t\t<\/div>\n\t\t\t\t<\/div>\n\t\t\t\t<\/div>\n\t\t\t\t<div class=\"elementor-element elementor-element-83c4ef4 elementor-widget elementor-widget-heading\" data-id=\"83c4ef4\" data-element_type=\"widget\" data-widget_type=\"heading.default\">\n\t\t\t\t<div class=\"elementor-widget-container\">\n\t\t\t<h2 class=\"elementor-heading-title elementor-size-default\">Capoeira<\/h2>\t\t<\/div>\n\t\t\t\t<\/div>\n\t\t\t\t<\/div>\n\t\t\t\t<\/div>\n\t\t\t\t\t<\/div>\n\t\t\t\t<\/div>\n\t\t<div class=\"elementor-element elementor-element-a11d342 e-flex e-con-boxed e-con e-parent\" data-id=\"a11d342\" data-element_type=\"container\">\n\t\t\t\t\t<div class=\"e-con-inner\">\n\t\t\t\t<div class=\"elementor-element elementor-element-423df13 animated-slow elementor-invisible elementor-widget elementor-widget-heading\" data-id=\"423df13\" data-element_type=\"widget\" data-settings=\"{&quot;_animation&quot;:&quot;slideInUp&quot;}\" data-widget_type=\"heading.default\">\n\t\t\t\t<div class=\"elementor-widget-container\">\n\t\t\t<h2 class=\"elementor-heading-title elementor-size-default\">Origem e Hist\u00f3ria \n da Capoeira<\/h2>\t\t<\/div>\n\t\t\t\t<\/div>\n\t\t\t\t\t<\/div>\n\t\t\t\t<\/div>\n\t\t<div class=\"elementor-element elementor-element-232258b0 e-flex e-con-boxed e-con e-parent\" data-id=\"232258b0\" data-element_type=\"container\" data-settings=\"{&quot;background_background&quot;:&quot;classic&quot;}\">\n\t\t\t\t\t<div class=\"e-con-inner\">\n\t\t<div class=\"elementor-element elementor-element-4254c4a e-con-full e-flex e-con e-child\" data-id=\"4254c4a\" data-element_type=\"container\">\n\t\t\t\t<div class=\"elementor-element elementor-element-2c676157 elementor-widget__width-initial elementor-widget elementor-widget-text-editor\" data-id=\"2c676157\" data-element_type=\"widget\" data-widget_type=\"text-editor.default\">\n\t\t\t\t<div class=\"elementor-widget-container\">\n\t\t\t\t\t\t\t<p>A capoeira \u00e9 uma express\u00e3o cultural afro-brasileira que combina elementos de dan\u00e7a, arte marcial e m\u00fasica. Vamos explorar um pouco mais sobre sua hist\u00f3ria e origem.<\/p><p>A capoeira tem ra\u00edzes profundas na hist\u00f3ria brasileira e est\u00e1 associada ao contexto da escravid\u00e3o. Os primeiros registros hist\u00f3ricos datam do s\u00e9culo XVIII. Os negros africanos escravizados desenvolveram essa pr\u00e1tica como forma de autodefesa e resist\u00eancia \u00e0 opress\u00e3o dos senhores. Pesquisadores apontam que seu surgimento ocorreu durante a forma\u00e7\u00e3o dos quilombos, comunidades de escravizados que fugiam das viol\u00eancias a que eram submetidos1.<\/p><p>O termo \u201ccapoeira\u201d significa \u201co mato que nasce depois do desmatamento\u201d. Esse nome est\u00e1 relacionado \u00e0 forma como a pr\u00e1tica era realizada inicialmente, em meio \u00e0s regi\u00f5es de mato. Os escravizados criaram a capoeira como um mecanismo para preservar suas identidades culturais e resistir \u00e0 opress\u00e3o.<\/p>\t\t\t\t\t\t<\/div>\n\t\t\t\t<\/div>\n\t\t\t\t<\/div>\n\t\t\t\t<div class=\"elementor-element elementor-element-28615953 elementor-widget elementor-widget-image\" data-id=\"28615953\" data-element_type=\"widget\" data-widget_type=\"image.default\">\n\t\t\t\t<div class=\"elementor-widget-container\">\n\t\t\t\t\t\t\t\t\t\t\t\t\t<img fetchpriority=\"high\" decoding=\"async\" width=\"800\" height=\"600\" src=\"https:\/\/luandeiroscapoeira.com.br\/wp-content\/uploads\/2024\/10\/1728393328302-1024x768.jpg\" class=\"attachment-large size-large wp-image-130\" alt=\"\" srcset=\"https:\/\/luandeiroscapoeira.com.br\/wp-content\/uploads\/2024\/10\/1728393328302-1024x768.jpg 1024w, https:\/\/luandeiroscapoeira.com.br\/wp-content\/uploads\/2024\/10\/1728393328302-300x225.jpg 300w, https:\/\/luandeiroscapoeira.com.br\/wp-content\/uploads\/2024\/10\/1728393328302-768x576.jpg 768w, https:\/\/luandeiroscapoeira.com.br\/wp-content\/uploads\/2024\/10\/1728393328302-1536x1152.jpg 1536w, https:\/\/luandeiroscapoeira.com.br\/wp-content\/uploads\/2024\/10\/1728393328302-2048x1536.jpg 2048w\" sizes=\"(max-width: 800px) 100vw, 800px\" \/>\t\t\t\t\t\t\t\t\t\t\t\t\t<\/div>\n\t\t\t\t<\/div>\n\t\t\t\t\t<\/div>\n\t\t\t\t<\/div>\n\t\t<div class=\"elementor-element elementor-element-448bd6d4 e-flex e-con-boxed e-con e-parent\" data-id=\"448bd6d4\" data-element_type=\"container\" data-settings=\"{&quot;background_background&quot;:&quot;classic&quot;}\">\n\t\t\t\t\t<div class=\"e-con-inner\">\n\t\t<div class=\"elementor-element elementor-element-f3c4561 e-con-full e-flex e-con e-child\" data-id=\"f3c4561\" data-element_type=\"container\">\n\t\t\t\t<div class=\"elementor-element elementor-element-3e86ccfb animated-slow elementor-invisible elementor-widget elementor-widget-heading\" data-id=\"3e86ccfb\" data-element_type=\"widget\" data-settings=\"{&quot;_animation&quot;:&quot;slideInUp&quot;}\" data-widget_type=\"heading.default\">\n\t\t\t\t<div class=\"elementor-widget-container\">\n\t\t\t<h2 class=\"elementor-heading-title elementor-size-default\">Tipos de <BR>\n Capoeira<\/h2>\t\t<\/div>\n\t\t\t\t<\/div>\n\t\t<div class=\"elementor-element elementor-element-2adba5ee e-con-full e-flex e-con e-child\" data-id=\"2adba5ee\" data-element_type=\"container\">\n\t\t\t\t<div class=\"elementor-element elementor-element-629a4ac0 elementor-widget__width-initial elementor-widget-tablet__width-inherit elementor-widget elementor-widget-icon-box\" data-id=\"629a4ac0\" data-element_type=\"widget\" data-widget_type=\"icon-box.default\">\n\t\t\t\t<div class=\"elementor-widget-container\">\n\t\t\t\t\t<div class=\"elementor-icon-box-wrapper\">\n\n\t\t\t\n\t\t\t\t\t\t<div class=\"elementor-icon-box-content\">\n\n\t\t\t\t\t\t\t\t\t<h3 class=\"elementor-icon-box-title\">\n\t\t\t\t\t\t<span  >\n\t\t\t\t\t\t\tCapoeira Angola\t\t\t\t\t\t<\/span>\n\t\t\t\t\t<\/h3>\n\t\t\t\t\n\t\t\t\t\t\t\t\t\t<p class=\"elementor-icon-box-description\">\n\t\t\t\t\t\t\u00c9 a vertente mais tradicional, que busca resgatar a heran\u00e7a africana. Os movimentos s\u00e3o mais cadenciados, e a roda de capoeira \u00e9 central nessa pr\u00e1tica\t\t\t\t\t<\/p>\n\t\t\t\t\n\t\t\t<\/div>\n\t\t\t\n\t\t<\/div>\n\t\t\t\t<\/div>\n\t\t\t\t<\/div>\n\t\t\t\t<div class=\"elementor-element elementor-element-6638e586 elementor-widget__width-initial elementor-widget-tablet__width-inherit elementor-widget elementor-widget-icon-box\" data-id=\"6638e586\" data-element_type=\"widget\" data-widget_type=\"icon-box.default\">\n\t\t\t\t<div class=\"elementor-widget-container\">\n\t\t\t\t\t<div class=\"elementor-icon-box-wrapper\">\n\n\t\t\t\n\t\t\t\t\t\t<div class=\"elementor-icon-box-content\">\n\n\t\t\t\t\t\t\t\t\t<h3 class=\"elementor-icon-box-title\">\n\t\t\t\t\t\t<span  >\n\t\t\t\t\t\t\tCapoeira Regional\t\t\t\t\t\t<\/span>\n\t\t\t\t\t<\/h3>\n\t\t\t\t\n\t\t\t\t\t\t\t\t\t<p class=\"elementor-icon-box-description\">\n\t\t\t\t\t\tEssa vertente recebe influ\u00eancias de artes marciais e ocupa os espa\u00e7os das academias. \u00c9 mais din\u00e2mica e \u00e1gil, com movimentos acrob\u00e1ticos e maior \u00eanfase na t\u00e9cnica.\t\t\t\t\t<\/p>\n\t\t\t\t\n\t\t\t<\/div>\n\t\t\t\n\t\t<\/div>\n\t\t\t\t<\/div>\n\t\t\t\t<\/div>\n\t\t\t\t<\/div>\n\t\t\t\t<\/div>\n\t\t\t\t\t<\/div>\n\t\t\t\t<\/div>\n\t\t<div class=\"elementor-element elementor-element-f52fb5b e-flex e-con-boxed e-con e-parent\" data-id=\"f52fb5b\" data-element_type=\"container\">\n\t\t\t\t\t<div class=\"e-con-inner\">\n\t\t\t\t<div class=\"elementor-element elementor-element-1f83631 animated-slow elementor-invisible elementor-widget elementor-widget-heading\" data-id=\"1f83631\" data-element_type=\"widget\" data-settings=\"{&quot;_animation&quot;:&quot;slideInUp&quot;}\" data-widget_type=\"heading.default\">\n\t\t\t\t<div class=\"elementor-widget-container\">\n\t\t\t<h1 class=\"elementor-heading-title elementor-size-default\">Caracter\u00edsticas e Elementos<\/h1>\t\t<\/div>\n\t\t\t\t<\/div>\n\t\t\t\t\t<\/div>\n\t\t\t\t<\/div>\n\t\t<div class=\"elementor-element elementor-element-3e31fd4 e-flex e-con-boxed e-con e-parent\" data-id=\"3e31fd4\" data-element_type=\"container\">\n\t\t\t\t\t<div class=\"e-con-inner\">\n\t\t<div class=\"elementor-element elementor-element-1db9de7 e-con-full e-flex e-con e-child\" data-id=\"1db9de7\" data-element_type=\"container\">\n\t\t\t\t<div class=\"elementor-element elementor-element-8a4215c elementor-view-default elementor-position-top elementor-mobile-position-top elementor-widget elementor-widget-icon-box\" data-id=\"8a4215c\" data-element_type=\"widget\" data-widget_type=\"icon-box.default\">\n\t\t\t\t<div class=\"elementor-widget-container\">\n\t\t\t\t\t<div class=\"elementor-icon-box-wrapper\">\n\n\t\t\t\t\t\t<div class=\"elementor-icon-box-icon\">\n\t\t\t\t<span  class=\"elementor-icon elementor-animation-\">\n\t\t\t\t<svg aria-hidden=\"true\" class=\"e-font-icon-svg e-fas-circle-notch\" viewBox=\"0 0 512 512\" xmlns=\"http:\/\/www.w3.org\/2000\/svg\"><path d=\"M288 39.056v16.659c0 10.804 7.281 20.159 17.686 23.066C383.204 100.434 440 171.518 440 256c0 101.689-82.295 184-184 184-101.689 0-184-82.295-184-184 0-84.47 56.786-155.564 134.312-177.219C216.719 75.874 224 66.517 224 55.712V39.064c0-15.709-14.834-27.153-30.046-23.234C86.603 43.482 7.394 141.206 8.003 257.332c.72 137.052 111.477 246.956 248.531 246.667C393.255 503.711 504 392.788 504 256c0-115.633-79.14-212.779-186.211-240.236C302.678 11.889 288 23.456 288 39.056z\"><\/path><\/svg>\t\t\t\t<\/span>\n\t\t\t<\/div>\n\t\t\t\n\t\t\t\t\t\t<div class=\"elementor-icon-box-content\">\n\n\t\t\t\t\t\t\t\t\t<h3 class=\"elementor-icon-box-title\">\n\t\t\t\t\t\t<span  >\n\t\t\t\t\t\t\tRoda de Capoeira\t\t\t\t\t\t<\/span>\n\t\t\t\t\t<\/h3>\n\t\t\t\t\n\t\t\t\t\t\t\t\t\t<p class=\"elementor-icon-box-description\">\n\t\t\t\t\t\t\u00c9 o c\u00edrculo formado pelos praticantes e tocadores de instrumentos. Dentro da roda, os jogadores se enfrentam em uma esp\u00e9cie de \u201cjogo\u201d de movimentos e esquivas.\t\t\t\t\t<\/p>\n\t\t\t\t\n\t\t\t<\/div>\n\t\t\t\n\t\t<\/div>\n\t\t\t\t<\/div>\n\t\t\t\t<\/div>\n\t\t\t\t<\/div>\n\t\t<div class=\"elementor-element elementor-element-b8a1873 e-con-full e-flex e-con e-child\" data-id=\"b8a1873\" data-element_type=\"container\">\n\t\t\t\t<div class=\"elementor-element elementor-element-4c1e62e elementor-view-default elementor-position-top elementor-mobile-position-top elementor-widget elementor-widget-icon-box\" data-id=\"4c1e62e\" data-element_type=\"widget\" data-widget_type=\"icon-box.default\">\n\t\t\t\t<div class=\"elementor-widget-container\">\n\t\t\t\t\t<div class=\"elementor-icon-box-wrapper\">\n\n\t\t\t\t\t\t<div class=\"elementor-icon-box-icon\">\n\t\t\t\t<span  class=\"elementor-icon elementor-animation-\">\n\t\t\t\t<svg aria-hidden=\"true\" class=\"e-font-icon-svg e-fas-music\" viewBox=\"0 0 512 512\" xmlns=\"http:\/\/www.w3.org\/2000\/svg\"><path d=\"M470.38 1.51L150.41 96A32 32 0 0 0 128 126.51v261.41A139 139 0 0 0 96 384c-53 0-96 28.66-96 64s43 64 96 64 96-28.66 96-64V214.32l256-75v184.61a138.4 138.4 0 0 0-32-3.93c-53 0-96 28.66-96 64s43 64 96 64 96-28.65 96-64V32a32 32 0 0 0-41.62-30.49z\"><\/path><\/svg>\t\t\t\t<\/span>\n\t\t\t<\/div>\n\t\t\t\n\t\t\t\t\t\t<div class=\"elementor-icon-box-content\">\n\n\t\t\t\t\t\t\t\t\t<h3 class=\"elementor-icon-box-title\">\n\t\t\t\t\t\t<span  >\n\t\t\t\t\t\t\tInstrumentos\t\t\t\t\t\t<\/span>\n\t\t\t\t\t<\/h3>\n\t\t\t\t\n\t\t\t\t\t\t\t\t\t<p class=\"elementor-icon-box-description\">\n\t\t\t\t\t\tA capoeira \u00e9 acompanhada por instrumentos musicais, como o berimbau, atabaque, pandeiro, agog\u00f4, reco-reco, ganz\u00e1 e caxixi.\t\t\t\t\t<\/p>\n\t\t\t\t\n\t\t\t<\/div>\n\t\t\t\n\t\t<\/div>\n\t\t\t\t<\/div>\n\t\t\t\t<\/div>\n\t\t\t\t<\/div>\n\t\t<div class=\"elementor-element elementor-element-34ecde9 e-con-full e-flex e-con e-child\" data-id=\"34ecde9\" data-element_type=\"container\">\n\t\t\t\t<div class=\"elementor-element elementor-element-3b8d060 elementor-view-default elementor-position-top elementor-mobile-position-top elementor-widget elementor-widget-icon-box\" data-id=\"3b8d060\" data-element_type=\"widget\" data-widget_type=\"icon-box.default\">\n\t\t\t\t<div class=\"elementor-widget-container\">\n\t\t\t\t\t<div class=\"elementor-icon-box-wrapper\">\n\n\t\t\t\t\t\t<div class=\"elementor-icon-box-icon\">\n\t\t\t\t<span  class=\"elementor-icon elementor-animation-\">\n\t\t\t\t<svg aria-hidden=\"true\" class=\"e-font-icon-svg e-fas-child\" viewBox=\"0 0 384 512\" xmlns=\"http:\/\/www.w3.org\/2000\/svg\"><path d=\"M120 72c0-39.765 32.235-72 72-72s72 32.235 72 72c0 39.764-32.235 72-72 72s-72-32.236-72-72zm254.627 1.373c-12.496-12.497-32.758-12.497-45.254 0L242.745 160H141.254L54.627 73.373c-12.496-12.497-32.758-12.497-45.254 0-12.497 12.497-12.497 32.758 0 45.255L104 213.254V480c0 17.673 14.327 32 32 32h16c17.673 0 32-14.327 32-32V368h16v112c0 17.673 14.327 32 32 32h16c17.673 0 32-14.327 32-32V213.254l94.627-94.627c12.497-12.497 12.497-32.757 0-45.254z\"><\/path><\/svg>\t\t\t\t<\/span>\n\t\t\t<\/div>\n\t\t\t\n\t\t\t\t\t\t<div class=\"elementor-icon-box-content\">\n\n\t\t\t\t\t\t\t\t\t<h3 class=\"elementor-icon-box-title\">\n\t\t\t\t\t\t<span  >\n\t\t\t\t\t\t\tMovimentos Corporais\t\t\t\t\t\t<\/span>\n\t\t\t\t\t<\/h3>\n\t\t\t\t\n\t\t\t\t\t\t\t\t\t<p class=\"elementor-icon-box-description\">\n\t\t\t\t\t\t: A capoeira envolve movimentos de fuga, ataque, contra-ataque, bal\u00f5es e esquivas. Al\u00e9m disso, os aspectos acrob\u00e1ticos s\u00e3o marcantes.\t\t\t\t\t<\/p>\n\t\t\t\t\n\t\t\t<\/div>\n\t\t\t\n\t\t<\/div>\n\t\t\t\t<\/div>\n\t\t\t\t<\/div>\n\t\t\t\t<\/div>\n\t\t\t\t\t<\/div>\n\t\t\t\t<\/div>\n\t\t<div class=\"elementor-element elementor-element-6d18d52 e-flex e-con-boxed e-con e-parent\" data-id=\"6d18d52\" data-element_type=\"container\">\n\t\t\t\t\t<div class=\"e-con-inner\">\n\t\t\t\t<div class=\"elementor-element elementor-element-a455a0a elementor-widget elementor-widget-gallery\" data-id=\"a455a0a\" data-element_type=\"widget\" data-settings=\"{&quot;lazyload&quot;:&quot;yes&quot;,&quot;gallery_layout&quot;:&quot;grid&quot;,&quot;columns&quot;:4,&quot;columns_tablet&quot;:2,&quot;columns_mobile&quot;:1,&quot;gap&quot;:{&quot;unit&quot;:&quot;px&quot;,&quot;size&quot;:10,&quot;sizes&quot;:[]},&quot;gap_tablet&quot;:{&quot;unit&quot;:&quot;px&quot;,&quot;size&quot;:10,&quot;sizes&quot;:[]},&quot;gap_mobile&quot;:{&quot;unit&quot;:&quot;px&quot;,&quot;size&quot;:10,&quot;sizes&quot;:[]},&quot;link_to&quot;:&quot;file&quot;,&quot;aspect_ratio&quot;:&quot;3:2&quot;,&quot;overlay_background&quot;:&quot;yes&quot;,&quot;content_hover_animation&quot;:&quot;fade-in&quot;}\" data-widget_type=\"gallery.default\">\n\t\t\t\t<div class=\"elementor-widget-container\">\n\t\t\t\t\t<div class=\"elementor-gallery__container\">\n\t\t\t\t\t\t\t<a class=\"e-gallery-item elementor-gallery-item elementor-animated-content\" href=\"https:\/\/luandeiroscapoeira.com.br\/wp-content\/uploads\/2024\/10\/1728393328284-scaled.jpg\" data-elementor-open-lightbox=\"yes\" data-elementor-lightbox-slideshow=\"a455a0a\" data-elementor-lightbox-title=\"1728393328284\" data-e-action-hash=\"#elementor-action%3Aaction%3Dlightbox%26settings%3DeyJpZCI6MTQxLCJ1cmwiOiJodHRwczpcL1wvbHVhbmRlaXJvc2NhcG9laXJhLmNvbS5iclwvd3AtY29udGVudFwvdXBsb2Fkc1wvMjAyNFwvMTBcLzE3MjgzOTMzMjgyODQtc2NhbGVkLmpwZyIsInNsaWRlc2hvdyI6ImE0NTVhMGEifQ%3D%3D\">\n\t\t\t\t\t<div class=\"e-gallery-image elementor-gallery-item__image\" data-thumbnail=\"https:\/\/luandeiroscapoeira.com.br\/wp-content\/uploads\/2024\/10\/1728393328284-300x225.jpg\" data-width=\"300\" data-height=\"225\" aria-label=\"\" role=\"img\" ><\/div>\n\t\t\t\t\t\t\t\t\t\t\t<div class=\"elementor-gallery-item__overlay\"><\/div>\n\t\t\t\t\t\t\t\t\t\t\t\t\t\t<\/a>\n\t\t\t\t\t\t\t<a class=\"e-gallery-item elementor-gallery-item elementor-animated-content\" href=\"https:\/\/luandeiroscapoeira.com.br\/wp-content\/uploads\/2024\/10\/1728393328033-scaled.jpg\" data-elementor-open-lightbox=\"yes\" data-elementor-lightbox-slideshow=\"a455a0a\" data-elementor-lightbox-title=\"1728393328033\" data-e-action-hash=\"#elementor-action%3Aaction%3Dlightbox%26settings%3DeyJpZCI6MTYyLCJ1cmwiOiJodHRwczpcL1wvbHVhbmRlaXJvc2NhcG9laXJhLmNvbS5iclwvd3AtY29udGVudFwvdXBsb2Fkc1wvMjAyNFwvMTBcLzE3MjgzOTMzMjgwMzMtc2NhbGVkLmpwZyIsInNsaWRlc2hvdyI6ImE0NTVhMGEifQ%3D%3D\">\n\t\t\t\t\t<div class=\"e-gallery-image elementor-gallery-item__image\" data-thumbnail=\"https:\/\/luandeiroscapoeira.com.br\/wp-content\/uploads\/2024\/10\/1728393328033-300x225.jpg\" data-width=\"300\" data-height=\"225\" aria-label=\"\" role=\"img\" ><\/div>\n\t\t\t\t\t\t\t\t\t\t\t<div class=\"elementor-gallery-item__overlay\"><\/div>\n\t\t\t\t\t\t\t\t\t\t\t\t\t\t<\/a>\n\t\t\t\t\t\t\t<a class=\"e-gallery-item elementor-gallery-item elementor-animated-content\" href=\"https:\/\/luandeiroscapoeira.com.br\/wp-content\/uploads\/2024\/10\/1728393328243-scaled.jpg\" data-elementor-open-lightbox=\"yes\" data-elementor-lightbox-slideshow=\"a455a0a\" data-elementor-lightbox-title=\"1728393328243\" data-e-action-hash=\"#elementor-action%3Aaction%3Dlightbox%26settings%3DeyJpZCI6NjQsInVybCI6Imh0dHBzOlwvXC9sdWFuZGVpcm9zY2Fwb2VpcmEuY29tLmJyXC93cC1jb250ZW50XC91cGxvYWRzXC8yMDI0XC8xMFwvMTcyODM5MzMyODI0My1zY2FsZWQuanBnIiwic2xpZGVzaG93IjoiYTQ1NWEwYSJ9\">\n\t\t\t\t\t<div class=\"e-gallery-image elementor-gallery-item__image\" data-thumbnail=\"https:\/\/luandeiroscapoeira.com.br\/wp-content\/uploads\/2024\/10\/1728393328243-300x225.jpg\" data-width=\"300\" data-height=\"225\" aria-label=\"\" role=\"img\" ><\/div>\n\t\t\t\t\t\t\t\t\t\t\t<div class=\"elementor-gallery-item__overlay\"><\/div>\n\t\t\t\t\t\t\t\t\t\t\t\t\t\t<\/a>\n\t\t\t\t\t\t\t<a class=\"e-gallery-item elementor-gallery-item elementor-animated-content\" href=\"https:\/\/luandeiroscapoeira.com.br\/wp-content\/uploads\/2024\/10\/1728393328199-scaled.jpg\" data-elementor-open-lightbox=\"yes\" data-elementor-lightbox-slideshow=\"a455a0a\" data-elementor-lightbox-title=\"1728393328199\" data-e-action-hash=\"#elementor-action%3Aaction%3Dlightbox%26settings%3DeyJpZCI6NjMsInVybCI6Imh0dHBzOlwvXC9sdWFuZGVpcm9zY2Fwb2VpcmEuY29tLmJyXC93cC1jb250ZW50XC91cGxvYWRzXC8yMDI0XC8xMFwvMTcyODM5MzMyODE5OS1zY2FsZWQuanBnIiwic2xpZGVzaG93IjoiYTQ1NWEwYSJ9\">\n\t\t\t\t\t<div class=\"e-gallery-image elementor-gallery-item__image\" data-thumbnail=\"https:\/\/luandeiroscapoeira.com.br\/wp-content\/uploads\/2024\/10\/1728393328199-300x225.jpg\" data-width=\"300\" data-height=\"225\" aria-label=\"\" role=\"img\" ><\/div>\n\t\t\t\t\t\t\t\t\t\t\t<div class=\"elementor-gallery-item__overlay\"><\/div>\n\t\t\t\t\t\t\t\t\t\t\t\t\t\t<\/a>\n\t\t\t\t\t\t\t<a class=\"e-gallery-item elementor-gallery-item elementor-animated-content\" href=\"https:\/\/luandeiroscapoeira.com.br\/wp-content\/uploads\/2024\/10\/1728393328028-scaled.jpg\" data-elementor-open-lightbox=\"yes\" data-elementor-lightbox-slideshow=\"a455a0a\" data-elementor-lightbox-title=\"1728393328028\" data-e-action-hash=\"#elementor-action%3Aaction%3Dlightbox%26settings%3DeyJpZCI6MTYzLCJ1cmwiOiJodHRwczpcL1wvbHVhbmRlaXJvc2NhcG9laXJhLmNvbS5iclwvd3AtY29udGVudFwvdXBsb2Fkc1wvMjAyNFwvMTBcLzE3MjgzOTMzMjgwMjgtc2NhbGVkLmpwZyIsInNsaWRlc2hvdyI6ImE0NTVhMGEifQ%3D%3D\">\n\t\t\t\t\t<div class=\"e-gallery-image elementor-gallery-item__image\" data-thumbnail=\"https:\/\/luandeiroscapoeira.com.br\/wp-content\/uploads\/2024\/10\/1728393328028-300x225.jpg\" data-width=\"300\" data-height=\"225\" aria-label=\"\" role=\"img\" ><\/div>\n\t\t\t\t\t\t\t\t\t\t\t<div class=\"elementor-gallery-item__overlay\"><\/div>\n\t\t\t\t\t\t\t\t\t\t\t\t\t\t<\/a>\n\t\t\t\t\t\t\t<a class=\"e-gallery-item elementor-gallery-item elementor-animated-content\" href=\"https:\/\/luandeiroscapoeira.com.br\/wp-content\/uploads\/2024\/10\/1728393328008-scaled.jpg\" data-elementor-open-lightbox=\"yes\" data-elementor-lightbox-slideshow=\"a455a0a\" data-elementor-lightbox-title=\"1728393328008\" data-e-action-hash=\"#elementor-action%3Aaction%3Dlightbox%26settings%3DeyJpZCI6MTY0LCJ1cmwiOiJodHRwczpcL1wvbHVhbmRlaXJvc2NhcG9laXJhLmNvbS5iclwvd3AtY29udGVudFwvdXBsb2Fkc1wvMjAyNFwvMTBcLzE3MjgzOTMzMjgwMDgtc2NhbGVkLmpwZyIsInNsaWRlc2hvdyI6ImE0NTVhMGEifQ%3D%3D\">\n\t\t\t\t\t<div class=\"e-gallery-image elementor-gallery-item__image\" data-thumbnail=\"https:\/\/luandeiroscapoeira.com.br\/wp-content\/uploads\/2024\/10\/1728393328008-300x225.jpg\" data-width=\"300\" data-height=\"225\" aria-label=\"\" role=\"img\" ><\/div>\n\t\t\t\t\t\t\t\t\t\t\t<div class=\"elementor-gallery-item__overlay\"><\/div>\n\t\t\t\t\t\t\t\t\t\t\t\t\t\t<\/a>\n\t\t\t\t\t\t\t<a class=\"e-gallery-item elementor-gallery-item elementor-animated-content\" href=\"https:\/\/luandeiroscapoeira.com.br\/wp-content\/uploads\/2024\/10\/IMG_1323-scaled.jpg\" data-elementor-open-lightbox=\"yes\" data-elementor-lightbox-slideshow=\"a455a0a\" data-elementor-lightbox-title=\"IMG_1323\" data-e-action-hash=\"#elementor-action%3Aaction%3Dlightbox%26settings%3DeyJpZCI6MTMzLCJ1cmwiOiJodHRwczpcL1wvbHVhbmRlaXJvc2NhcG9laXJhLmNvbS5iclwvd3AtY29udGVudFwvdXBsb2Fkc1wvMjAyNFwvMTBcL0lNR18xMzIzLXNjYWxlZC5qcGciLCJzbGlkZXNob3ciOiJhNDU1YTBhIn0%3D\">\n\t\t\t\t\t<div class=\"e-gallery-image elementor-gallery-item__image\" data-thumbnail=\"https:\/\/luandeiroscapoeira.com.br\/wp-content\/uploads\/2024\/10\/IMG_1323-300x200.jpg\" data-width=\"300\" data-height=\"200\" aria-label=\"\" role=\"img\" ><\/div>\n\t\t\t\t\t\t\t\t\t\t\t<div class=\"elementor-gallery-item__overlay\"><\/div>\n\t\t\t\t\t\t\t\t\t\t\t\t\t\t<\/a>\n\t\t\t\t\t\t\t<a class=\"e-gallery-item elementor-gallery-item elementor-animated-content\" href=\"https:\/\/luandeiroscapoeira.com.br\/wp-content\/uploads\/2024\/10\/IMG_1318-scaled.jpg\" data-elementor-open-lightbox=\"yes\" data-elementor-lightbox-slideshow=\"a455a0a\" data-elementor-lightbox-title=\"IMG_1318\" data-e-action-hash=\"#elementor-action%3Aaction%3Dlightbox%26settings%3DeyJpZCI6MTM1LCJ1cmwiOiJodHRwczpcL1wvbHVhbmRlaXJvc2NhcG9laXJhLmNvbS5iclwvd3AtY29udGVudFwvdXBsb2Fkc1wvMjAyNFwvMTBcL0lNR18xMzE4LXNjYWxlZC5qcGciLCJzbGlkZXNob3ciOiJhNDU1YTBhIn0%3D\">\n\t\t\t\t\t<div class=\"e-gallery-image elementor-gallery-item__image\" data-thumbnail=\"https:\/\/luandeiroscapoeira.com.br\/wp-content\/uploads\/2024\/10\/IMG_1318-300x200.jpg\" data-width=\"300\" data-height=\"200\" aria-label=\"\" role=\"img\" ><\/div>\n\t\t\t\t\t\t\t\t\t\t\t<div class=\"elementor-gallery-item__overlay\"><\/div>\n\t\t\t\t\t\t\t\t\t\t\t\t\t\t<\/a>\n\t\t\t\t\t<\/div>\n\t\t\t<\/div>\n\t\t\t\t<\/div>\n\t\t\t\t\t<\/div>\n\t\t\t\t<\/div>\n\t\t<div class=\"elementor-element elementor-element-2740d37 e-flex e-con-boxed e-con e-parent\" data-id=\"2740d37\" data-element_type=\"container\">\n\t\t\t\t\t<div class=\"e-con-inner\">\n\t\t\t\t<div class=\"elementor-element elementor-element-8833227 animated-slow elementor-invisible elementor-widget elementor-widget-heading\" data-id=\"8833227\" data-element_type=\"widget\" data-settings=\"{&quot;_animation&quot;:&quot;slideInUp&quot;}\" data-widget_type=\"heading.default\">\n\t\t\t\t<div class=\"elementor-widget-container\">\n\t\t\t<h2 class=\"elementor-heading-title elementor-size-default\">Mestres Bimba e Pastinha<\/h2>\t\t<\/div>\n\t\t\t\t<\/div>\n\t\t\t\t<div class=\"elementor-element elementor-element-12b9ddf elementor-widget elementor-widget-text-editor\" data-id=\"12b9ddf\" data-element_type=\"widget\" data-widget_type=\"text-editor.default\">\n\t\t\t\t<div class=\"elementor-widget-container\">\n\t\t\t\t\t\t\t<p>Dois mestres importantes no desenvolvimento da capoeira foram Mestre Bimba e Mestre Pastinha. Eles contribu\u00edram para a sistematiza\u00e7\u00e3o e divulga\u00e7\u00e3o dessa arte marcial e cultural.\u00a0Em resumo, a capoeira \u00e9 muito mais do que uma simples luta ou dan\u00e7a; \u00e9 uma manifesta\u00e7\u00e3o rica em hist\u00f3ria, tradi\u00e7\u00e3o e identidade afro-brasileira.<\/p>\t\t\t\t\t\t<\/div>\n\t\t\t\t<\/div>\n\t\t\t\t\t<\/div>\n\t\t\t\t<\/div>\n\t\t\t\t<\/div>\n\t\t","protected":false},"excerpt":{"rendered":"<p>Capoeira Origem e Hist\u00f3ria da Capoeira A capoeira \u00e9 uma express\u00e3o cultural afro-brasileira que combina elementos de dan\u00e7a, arte marcial e m\u00fasica. Vamos explorar um pouco mais sobre sua hist\u00f3ria e origem. A capoeira tem ra\u00edzes profundas na hist\u00f3ria brasileira e est\u00e1 associada ao contexto da escravid\u00e3o. Os primeiros registros hist\u00f3ricos datam do s\u00e9culo XVIII. [&hellip;]<\/p>\n","protected":false},"author":1,"featured_media":0,"parent":0,"menu_order":0,"comment_status":"closed","ping_status":"closed","template":"elementor_header_footer","meta":{"footnotes":""},"class_list":["post-122","page","type-page","status-publish","hentry"],"_links":{"self":[{"href":"https:\/\/luandeiroscapoeira.com.br\/index.php\/wp-json\/wp\/v2\/pages\/122","targetHints":{"allow":["GET"]}}],"collection":[{"href":"https:\/\/luandeiroscapoeira.com.br\/index.php\/wp-json\/wp\/v2\/pages"}],"about":[{"href":"https:\/\/luandeiroscapoeira.com.br\/index.php\/wp-json\/wp\/v2\/types\/page"}],"author":[{"embeddable":true,"href":"https:\/\/luandeiroscapoeira.com.br\/index.php\/wp-json\/wp\/v2\/users\/1"}],"replies":[{"embeddable":true,"href":"https:\/\/luandeiroscapoeira.com.br\/index.php\/wp-json\/wp\/v2\/comments?post=122"}],"version-history":[{"count":7,"href":"https:\/\/luandeiroscapoeira.com.br\/index.php\/wp-json\/wp\/v2\/pages\/122\/revisions"}],"predecessor-version":[{"id":169,"href":"https:\/\/luandeiroscapoeira.com.br\/index.php\/wp-json\/wp\/v2\/pages\/122\/revisions\/169"}],"wp:attachment":[{"href":"https:\/\/luandeiroscapoeira.com.br\/index.php\/wp-json\/wp\/v2\/media?parent=122"}],"curies":[{"name":"wp","href":"https:\/\/api.w.org\/{rel}","templated":true}]}}