{"id":16,"date":"2024-10-10T15:51:57","date_gmt":"2024-10-10T15:51:57","guid":{"rendered":"https:\/\/luandeiroscapoeira.com.br\/?page_id=16"},"modified":"2024-10-10T20:06:08","modified_gmt":"2024-10-10T20:06:08","slug":"sobre-nos","status":"publish","type":"page","link":"https:\/\/luandeiroscapoeira.com.br\/index.php\/sobre-nos\/","title":{"rendered":"sobre nos"},"content":{"rendered":"\t\t<div data-elementor-type=\"wp-page\" data-elementor-id=\"16\" class=\"elementor elementor-16\" data-elementor-post-type=\"page\">\n\t\t\t\t<div class=\"elementor-element elementor-element-983f91d e-flex e-con-boxed e-con e-parent\" data-id=\"983f91d\" data-element_type=\"container\" data-settings=\"{&quot;background_background&quot;:&quot;classic&quot;}\">\n\t\t\t\t\t<div class=\"e-con-inner\">\n\t\t<div class=\"elementor-element elementor-element-4ad2306 e-con-full e-flex e-con e-child\" data-id=\"4ad2306\" data-element_type=\"container\">\n\t\t\t\t<div class=\"elementor-element elementor-element-5f1f562 elementor-widget elementor-widget-spacer\" data-id=\"5f1f562\" data-element_type=\"widget\" data-widget_type=\"spacer.default\">\n\t\t\t\t<div class=\"elementor-widget-container\">\n\t\t\t\t\t<div class=\"elementor-spacer\">\n\t\t\t<div class=\"elementor-spacer-inner\"><\/div>\n\t\t<\/div>\n\t\t\t\t<\/div>\n\t\t\t\t<\/div>\n\t\t\t\t<div class=\"elementor-element elementor-element-64e9eeb elementor-widget elementor-widget-heading\" data-id=\"64e9eeb\" data-element_type=\"widget\" data-widget_type=\"heading.default\">\n\t\t\t\t<div class=\"elementor-widget-container\">\n\t\t\t<h2 class=\"elementor-heading-title elementor-size-default\">Sobre N\u00f3s<\/h2>\t\t<\/div>\n\t\t\t\t<\/div>\n\t\t\t\t<\/div>\n\t\t\t\t\t<\/div>\n\t\t\t\t<\/div>\n\t\t<div class=\"elementor-element elementor-element-412c28c e-flex e-con-boxed e-con e-parent\" data-id=\"412c28c\" data-element_type=\"container\">\n\t\t\t\t\t<div class=\"e-con-inner\">\n\t\t<div class=\"elementor-element elementor-element-931d4c0 e-con-full e-flex e-con e-child\" data-id=\"931d4c0\" data-element_type=\"container\">\n\t\t\t\t<div class=\"elementor-element elementor-element-d59757f elementor-widget elementor-widget-heading\" data-id=\"d59757f\" data-element_type=\"widget\" data-widget_type=\"heading.default\">\n\t\t\t\t<div class=\"elementor-widget-container\">\n\t\t\t<h1 class=\"elementor-heading-title elementor-size-default\">Declara\u00e7\u00e3o de Cria\u00e7\u00e3o do Novo Grupo de Capoeira e Cultura Afro-brasileira<\/h1>\t\t<\/div>\n\t\t\t\t<\/div>\n\t\t\t\t<div class=\"elementor-element elementor-element-4bac2d7 elementor-widget-divider--view-line elementor-widget elementor-widget-divider\" data-id=\"4bac2d7\" data-element_type=\"widget\" data-widget_type=\"divider.default\">\n\t\t\t\t<div class=\"elementor-widget-container\">\n\t\t\t\t\t<div class=\"elementor-divider\">\n\t\t\t<span class=\"elementor-divider-separator\">\n\t\t\t\t\t\t<\/span>\n\t\t<\/div>\n\t\t\t\t<\/div>\n\t\t\t\t<\/div>\n\t\t\t\t<div class=\"elementor-element elementor-element-5ff9818 elementor-widget elementor-widget-text-editor\" data-id=\"5ff9818\" data-element_type=\"widget\" data-widget_type=\"text-editor.default\">\n\t\t\t\t<div class=\"elementor-widget-container\">\n\t\t\t\t\t\t\t<p>N\u00f3s, fundadores deste novo grupo, anunciamos com entusiasmo o nascimento de um projeto dedicado \u00e0 divulga\u00e7\u00e3o aut\u00eantica da capoeira e \u00e0 promo\u00e7\u00e3o da cultura afro-brasileira. Nosso objetivo \u00e9 honrar e preservar as ra\u00edzes dessas tradi\u00e7\u00f5es, mantendo vivos os valores, as hist\u00f3rias e as pr\u00e1ticas que as moldaram ao longo dos s\u00e9culos.<\/p>\t\t\t\t\t\t<\/div>\n\t\t\t\t<\/div>\n\t\t\t\t<\/div>\n\t\t\t\t\t<\/div>\n\t\t\t\t<\/div>\n\t\t<div class=\"elementor-element elementor-element-d634225 e-flex e-con-boxed e-con e-parent\" data-id=\"d634225\" data-element_type=\"container\">\n\t\t\t\t\t<div class=\"e-con-inner\">\n\t\t<div class=\"elementor-element elementor-element-5eaec70 e-con-full e-flex e-con e-child\" data-id=\"5eaec70\" data-element_type=\"container\">\n\t\t\t\t<div class=\"elementor-element elementor-element-74c12e3 elementor-widget elementor-widget-image\" data-id=\"74c12e3\" data-element_type=\"widget\" data-widget_type=\"image.default\">\n\t\t\t\t<div class=\"elementor-widget-container\">\n\t\t\t\t\t\t\t\t\t\t\t\t\t<img fetchpriority=\"high\" decoding=\"async\" width=\"800\" height=\"453\" src=\"https:\/\/luandeiroscapoeira.com.br\/wp-content\/uploads\/2024\/10\/IMG_1324-1-scaled-e1728590489821-1024x580.jpg\" class=\"attachment-large size-large wp-image-86\" alt=\"\" srcset=\"https:\/\/luandeiroscapoeira.com.br\/wp-content\/uploads\/2024\/10\/IMG_1324-1-scaled-e1728590489821-1024x580.jpg 1024w, https:\/\/luandeiroscapoeira.com.br\/wp-content\/uploads\/2024\/10\/IMG_1324-1-scaled-e1728590489821-300x170.jpg 300w, https:\/\/luandeiroscapoeira.com.br\/wp-content\/uploads\/2024\/10\/IMG_1324-1-scaled-e1728590489821-768x435.jpg 768w, https:\/\/luandeiroscapoeira.com.br\/wp-content\/uploads\/2024\/10\/IMG_1324-1-scaled-e1728590489821-1536x869.jpg 1536w, https:\/\/luandeiroscapoeira.com.br\/wp-content\/uploads\/2024\/10\/IMG_1324-1-scaled-e1728590489821-2048x1159.jpg 2048w\" sizes=\"(max-width: 800px) 100vw, 800px\" \/>\t\t\t\t\t\t\t\t\t\t\t\t\t<\/div>\n\t\t\t\t<\/div>\n\t\t\t\t<\/div>\n\t\t<div class=\"elementor-element elementor-element-103fdd3 e-con-full e-flex e-con e-child\" data-id=\"103fdd3\" data-element_type=\"container\">\n\t\t\t\t<div class=\"elementor-element elementor-element-357378b elementor-widget elementor-widget-image\" data-id=\"357378b\" data-element_type=\"widget\" data-widget_type=\"image.default\">\n\t\t\t\t<div class=\"elementor-widget-container\">\n\t\t\t\t\t\t\t\t\t\t\t\t\t<img decoding=\"async\" width=\"800\" height=\"453\" src=\"https:\/\/luandeiroscapoeira.com.br\/wp-content\/uploads\/2024\/10\/banner_inicial-1024x580.jpg\" class=\"attachment-large size-large wp-image-59\" alt=\"\" srcset=\"https:\/\/luandeiroscapoeira.com.br\/wp-content\/uploads\/2024\/10\/banner_inicial-1024x580.jpg 1024w, https:\/\/luandeiroscapoeira.com.br\/wp-content\/uploads\/2024\/10\/banner_inicial-300x170.jpg 300w, https:\/\/luandeiroscapoeira.com.br\/wp-content\/uploads\/2024\/10\/banner_inicial-768x435.jpg 768w, https:\/\/luandeiroscapoeira.com.br\/wp-content\/uploads\/2024\/10\/banner_inicial.jpg 1242w\" sizes=\"(max-width: 800px) 100vw, 800px\" \/>\t\t\t\t\t\t\t\t\t\t\t\t\t<\/div>\n\t\t\t\t<\/div>\n\t\t\t\t<\/div>\n\t\t\t\t\t<\/div>\n\t\t\t\t<\/div>\n\t\t<div class=\"elementor-element elementor-element-8a2b6e1 e-flex e-con-boxed e-con e-parent\" data-id=\"8a2b6e1\" data-element_type=\"container\">\n\t\t\t\t\t<div class=\"e-con-inner\">\n\t\t<div class=\"elementor-element elementor-element-94b1ea7 e-con-full e-flex e-con e-child\" data-id=\"94b1ea7\" data-element_type=\"container\">\n\t\t\t\t<div class=\"elementor-element elementor-element-8e9591b elementor-widget elementor-widget-heading\" data-id=\"8e9591b\" data-element_type=\"widget\" data-widget_type=\"heading.default\">\n\t\t\t\t<div class=\"elementor-widget-container\">\n\t\t\t<h1 class=\"elementor-heading-title elementor-size-default\">Miss\u00e3o e Vis\u00e3o<\/h1>\t\t<\/div>\n\t\t\t\t<\/div>\n\t\t\t\t<div class=\"elementor-element elementor-element-948ab71 elementor-widget-divider--view-line elementor-widget elementor-widget-divider\" data-id=\"948ab71\" data-element_type=\"widget\" data-widget_type=\"divider.default\">\n\t\t\t\t<div class=\"elementor-widget-container\">\n\t\t\t\t\t<div class=\"elementor-divider\">\n\t\t\t<span class=\"elementor-divider-separator\">\n\t\t\t\t\t\t<\/span>\n\t\t<\/div>\n\t\t\t\t<\/div>\n\t\t\t\t<\/div>\n\t\t\t\t<div class=\"elementor-element elementor-element-d03c859 elementor-widget elementor-widget-text-editor\" data-id=\"d03c859\" data-element_type=\"widget\" data-widget_type=\"text-editor.default\">\n\t\t\t\t<div class=\"elementor-widget-container\">\n\t\t\t\t\t\t\t<p>Nosso grupo nasce com a inten\u00e7\u00e3o de cultivar um espa\u00e7o de aprendizado e crescimento que respeite a verdadeira ess\u00eancia da capoeira. Queremos oferecer um caminho que v\u00e1 al\u00e9m do aspecto t\u00e9cnico, explorando suas profundas conex\u00f5es hist\u00f3ricas, culturais e espirituais com as lutas, a resist\u00eancia e a resili\u00eancia do povo afro-brasileiro.<\/p>\t\t\t\t\t\t<\/div>\n\t\t\t\t<\/div>\n\t\t\t\t<div class=\"elementor-element elementor-element-4eb3e1b elementor-widget elementor-widget-text-editor\" data-id=\"4eb3e1b\" data-element_type=\"widget\" data-widget_type=\"text-editor.default\">\n\t\t\t\t<div class=\"elementor-widget-container\">\n\t\t\t\t\t\t\t<h3><strong>Divulga\u00e7\u00e3o Cultural:\u00a0 <\/strong><\/h3><p>&#8211; Promover o conhecimento das origens da capoeira e sua evolu\u00e7\u00e3o como forma de resist\u00eancia cultural e social, destacando suas ra\u00edzes africanas.<\/p><p>\u00a0<\/p><h3><strong>Autenticidade e Tradi\u00e7\u00e3o:<\/strong><\/h3><p>\u2060Preservar e transmitir a pr\u00e1tica aut\u00eantica da capoeira, respeitando seus princ\u00edpios, rituais, cantos e movimentos tradicionais.<\/p><p>\u00a0<\/p><h3><strong>Inclus\u00e3o Comunidade:<\/strong><\/h3><p>\u2060Criar uma comunidade aberta e inclusiva, onde todos, independentemente do n\u00edvel de experi\u00eancia, possam explorar e contribuir para a cultura da capoeira e seu legado afro-brasileiro.<\/p><p>\u00a0<\/p><h3><strong>Educa\u00e7\u00e3o Consci\u00eancia:<\/strong><\/h3><p>Oferecer cursos, workshops e eventos culturais que aprofundem a hist\u00f3ria e a filosofia da capoeira, bem como sua conex\u00e3o com outras express\u00f5es culturais afro-brasileiras, como o samba, o candombl\u00e9 e outras manifesta\u00e7\u00f5es populares.<\/p>\t\t\t\t\t\t<\/div>\n\t\t\t\t<\/div>\n\t\t\t\t<\/div>\n\t\t<div class=\"elementor-element elementor-element-d936a53 e-con-full e-flex e-con e-child\" data-id=\"d936a53\" data-element_type=\"container\">\n\t\t<div class=\"elementor-element elementor-element-9d7b8dc e-con-full e-flex e-con e-child\" data-id=\"9d7b8dc\" data-element_type=\"container\">\n\t\t\t\t<div class=\"elementor-element elementor-element-5f066c3 elementor-widget elementor-widget-image\" data-id=\"5f066c3\" data-element_type=\"widget\" data-widget_type=\"image.default\">\n\t\t\t\t<div class=\"elementor-widget-container\">\n\t\t\t\t\t\t\t\t\t\t\t\t\t<img decoding=\"async\" width=\"800\" height=\"600\" src=\"https:\/\/luandeiroscapoeira.com.br\/wp-content\/uploads\/2024\/10\/1728393328283-1024x768.jpg\" class=\"attachment-large size-large wp-image-91\" alt=\"\" srcset=\"https:\/\/luandeiroscapoeira.com.br\/wp-content\/uploads\/2024\/10\/1728393328283-1024x768.jpg 1024w, https:\/\/luandeiroscapoeira.com.br\/wp-content\/uploads\/2024\/10\/1728393328283-300x225.jpg 300w, https:\/\/luandeiroscapoeira.com.br\/wp-content\/uploads\/2024\/10\/1728393328283-768x576.jpg 768w, https:\/\/luandeiroscapoeira.com.br\/wp-content\/uploads\/2024\/10\/1728393328283-1536x1152.jpg 1536w, https:\/\/luandeiroscapoeira.com.br\/wp-content\/uploads\/2024\/10\/1728393328283-2048x1536.jpg 2048w\" sizes=\"(max-width: 800px) 100vw, 800px\" \/>\t\t\t\t\t\t\t\t\t\t\t\t\t<\/div>\n\t\t\t\t<\/div>\n\t\t\t\t<\/div>\n\t\t<div class=\"elementor-element elementor-element-8da0b49 e-con-full e-flex e-con e-child\" data-id=\"8da0b49\" data-element_type=\"container\">\n\t\t\t\t<div class=\"elementor-element elementor-element-1248c38 elementor-widget elementor-widget-image\" data-id=\"1248c38\" data-element_type=\"widget\" data-widget_type=\"image.default\">\n\t\t\t\t<div class=\"elementor-widget-container\">\n\t\t\t\t\t\t\t\t\t\t\t\t\t<img loading=\"lazy\" decoding=\"async\" width=\"800\" height=\"600\" src=\"https:\/\/luandeiroscapoeira.com.br\/wp-content\/uploads\/2024\/10\/1728393328243-1024x768.jpg\" class=\"attachment-large size-large wp-image-64\" alt=\"\" srcset=\"https:\/\/luandeiroscapoeira.com.br\/wp-content\/uploads\/2024\/10\/1728393328243-1024x768.jpg 1024w, https:\/\/luandeiroscapoeira.com.br\/wp-content\/uploads\/2024\/10\/1728393328243-300x225.jpg 300w, https:\/\/luandeiroscapoeira.com.br\/wp-content\/uploads\/2024\/10\/1728393328243-768x576.jpg 768w, https:\/\/luandeiroscapoeira.com.br\/wp-content\/uploads\/2024\/10\/1728393328243-1536x1152.jpg 1536w, https:\/\/luandeiroscapoeira.com.br\/wp-content\/uploads\/2024\/10\/1728393328243-2048x1536.jpg 2048w\" sizes=\"(max-width: 800px) 100vw, 800px\" \/>\t\t\t\t\t\t\t\t\t\t\t\t\t<\/div>\n\t\t\t\t<\/div>\n\t\t\t\t<\/div>\n\t\t\t\t<\/div>\n\t\t\t\t<div class=\"elementor-element elementor-element-fc0a877 elementor-widget elementor-widget-heading\" data-id=\"fc0a877\" data-element_type=\"widget\" data-widget_type=\"heading.default\">\n\t\t\t\t<div class=\"elementor-widget-container\">\n\t\t\t<h1 class=\"elementor-heading-title elementor-size-default\">Valores Fundamentais<\/h1>\t\t<\/div>\n\t\t\t\t<\/div>\n\t\t\t\t<div class=\"elementor-element elementor-element-1349316 elementor-widget-divider--view-line elementor-widget elementor-widget-divider\" data-id=\"1349316\" data-element_type=\"widget\" data-widget_type=\"divider.default\">\n\t\t\t\t<div class=\"elementor-widget-container\">\n\t\t\t\t\t<div class=\"elementor-divider\">\n\t\t\t<span class=\"elementor-divider-separator\">\n\t\t\t\t\t\t<\/span>\n\t\t<\/div>\n\t\t\t\t<\/div>\n\t\t\t\t<\/div>\n\t\t<div class=\"elementor-element elementor-element-c6aec84 e-con-full e-flex e-con e-child\" data-id=\"c6aec84\" data-element_type=\"container\">\n\t\t\t\t<div class=\"elementor-element elementor-element-f9278eb elementor-widget elementor-widget-text-editor\" data-id=\"f9278eb\" data-element_type=\"widget\" data-widget_type=\"text-editor.default\">\n\t\t\t\t<div class=\"elementor-widget-container\">\n\t\t\t\t\t\t\t<h3>Respeito pelas ra\u00edzes:<\/h3><p>&#8211; \u2060Valorizamos e respeitamos as origens africanas da capoeira, reconhecendo seu papel como express\u00e3o da luta pela liberdade e dignidade.<\/p><p>\u00a0<\/p><h3>\u00a0Unidade e Irmandade:<\/h3><p>&#8211; \u2060Acreditamos na cria\u00e7\u00e3o de la\u00e7os fortes entre os praticantes, baseados no respeito m\u00fatuo, na colabora\u00e7\u00e3o e no crescimento coletivo.<\/p><p>\u00a0<\/p><h3>Evolu\u00e7\u00e3o e Adaptabilidade:<\/h3><p>&#8211; \u2060Embora mantendo vivas as tradi\u00e7\u00f5es, reconhecemos a capacidade da capoeira de evoluir e se adaptar a novos contextos e gera\u00e7\u00f5es.<\/p><p>\u00a0<\/p><h3>Compromisso com o Futuro<\/h3><p>Nosso grupo se compromete a ser um ponto de refer\u00eancia para todos que desejam aprofundar a pr\u00e1tica da capoeira de forma aut\u00eantica e respeitosa \u00e0s suas ra\u00edzes hist\u00f3ricas. Queremos criar um ambiente onde a capoeira n\u00e3o seja apenas uma arte marcial ou uma dan\u00e7a, mas tamb\u00e9m um meio de express\u00e3o cultural, de crescimento pessoal e de uni\u00e3o entre as pessoas.<\/p><p>\u00a0<\/p><p>Convidamos todos que compartilham desta vis\u00e3o a se juntarem a n\u00f3s nessa nova experi\u00eancia, para continuar celebrando e divulgando o legado da capoeira e da cultura afro-brasileira com paix\u00e3o, respeito e dedica\u00e7\u00e3o.<\/p>\t\t\t\t\t\t<\/div>\n\t\t\t\t<\/div>\n\t\t\t\t<\/div>\n\t\t\t\t\t<\/div>\n\t\t\t\t<\/div>\n\t\t\t\t<\/div>\n\t\t","protected":false},"excerpt":{"rendered":"<p>Sobre N\u00f3s Declara\u00e7\u00e3o de Cria\u00e7\u00e3o do Novo Grupo de Capoeira e Cultura Afro-brasileira N\u00f3s, fundadores deste novo grupo, anunciamos com entusiasmo o nascimento de um projeto dedicado \u00e0 divulga\u00e7\u00e3o aut\u00eantica da capoeira e \u00e0 promo\u00e7\u00e3o da cultura afro-brasileira. Nosso objetivo \u00e9 honrar e preservar as ra\u00edzes dessas tradi\u00e7\u00f5es, mantendo vivos os valores, as hist\u00f3rias e [&hellip;]<\/p>\n","protected":false},"author":1,"featured_media":0,"parent":0,"menu_order":0,"comment_status":"closed","ping_status":"closed","template":"elementor_header_footer","meta":{"footnotes":""},"class_list":["post-16","page","type-page","status-publish","hentry"],"_links":{"self":[{"href":"https:\/\/luandeiroscapoeira.com.br\/index.php\/wp-json\/wp\/v2\/pages\/16","targetHints":{"allow":["GET"]}}],"collection":[{"href":"https:\/\/luandeiroscapoeira.com.br\/index.php\/wp-json\/wp\/v2\/pages"}],"about":[{"href":"https:\/\/luandeiroscapoeira.com.br\/index.php\/wp-json\/wp\/v2\/types\/page"}],"author":[{"embeddable":true,"href":"https:\/\/luandeiroscapoeira.com.br\/index.php\/wp-json\/wp\/v2\/users\/1"}],"replies":[{"embeddable":true,"href":"https:\/\/luandeiroscapoeira.com.br\/index.php\/wp-json\/wp\/v2\/comments?post=16"}],"version-history":[{"count":14,"href":"https:\/\/luandeiroscapoeira.com.br\/index.php\/wp-json\/wp\/v2\/pages\/16\/revisions"}],"predecessor-version":[{"id":97,"href":"https:\/\/luandeiroscapoeira.com.br\/index.php\/wp-json\/wp\/v2\/pages\/16\/revisions\/97"}],"wp:attachment":[{"href":"https:\/\/luandeiroscapoeira.com.br\/index.php\/wp-json\/wp\/v2\/media?parent=16"}],"curies":[{"name":"wp","href":"https:\/\/api.w.org\/{rel}","templated":true}]}}