{"id":20,"date":"2024-10-10T15:57:51","date_gmt":"2024-10-10T15:57:51","guid":{"rendered":"https:\/\/luandeiroscapoeira.com.br\/?page_id=20"},"modified":"2024-10-10T20:34:00","modified_gmt":"2024-10-10T20:34:00","slug":"mestre-benvindo","status":"publish","type":"page","link":"https:\/\/luandeiroscapoeira.com.br\/index.php\/mestre-benvindo\/","title":{"rendered":"Mestre Benvindo"},"content":{"rendered":"\t\t<div data-elementor-type=\"wp-page\" data-elementor-id=\"20\" class=\"elementor elementor-20\" data-elementor-post-type=\"page\">\n\t\t\t\t<div class=\"elementor-element elementor-element-5ca2ee8 e-flex e-con-boxed e-con e-parent\" data-id=\"5ca2ee8\" data-element_type=\"container\">\n\t\t\t\t\t<div class=\"e-con-inner\">\n\t\t<div class=\"elementor-element elementor-element-72aed35 e-con-full e-flex e-con e-child\" data-id=\"72aed35\" data-element_type=\"container\" data-settings=\"{&quot;background_background&quot;:&quot;classic&quot;}\">\n\t\t\t\t<div class=\"elementor-element elementor-element-7ad1ed1 elementor-widget__width-initial elementor-widget elementor-widget-image\" data-id=\"7ad1ed1\" data-element_type=\"widget\" data-widget_type=\"image.default\">\n\t\t\t\t<div class=\"elementor-widget-container\">\n\t\t\t\t\t\t\t\t\t\t\t\t\t<img fetchpriority=\"high\" decoding=\"async\" width=\"681\" height=\"1024\" src=\"https:\/\/luandeiroscapoeira.com.br\/wp-content\/uploads\/2024\/10\/WhatsApp-Image-2024-10-10-at-13.01.52-681x1024.jpeg\" class=\"attachment-large size-large wp-image-103\" alt=\"\" srcset=\"https:\/\/luandeiroscapoeira.com.br\/wp-content\/uploads\/2024\/10\/WhatsApp-Image-2024-10-10-at-13.01.52-681x1024.jpeg 681w, https:\/\/luandeiroscapoeira.com.br\/wp-content\/uploads\/2024\/10\/WhatsApp-Image-2024-10-10-at-13.01.52-200x300.jpeg 200w, https:\/\/luandeiroscapoeira.com.br\/wp-content\/uploads\/2024\/10\/WhatsApp-Image-2024-10-10-at-13.01.52-768x1155.jpeg 768w, https:\/\/luandeiroscapoeira.com.br\/wp-content\/uploads\/2024\/10\/WhatsApp-Image-2024-10-10-at-13.01.52-1021x1536.jpeg 1021w, https:\/\/luandeiroscapoeira.com.br\/wp-content\/uploads\/2024\/10\/WhatsApp-Image-2024-10-10-at-13.01.52.jpeg 1064w\" sizes=\"(max-width: 681px) 100vw, 681px\" \/>\t\t\t\t\t\t\t\t\t\t\t\t\t<\/div>\n\t\t\t\t<\/div>\n\t\t<div class=\"elementor-element elementor-element-0370c81 e-con-full e-flex e-con e-child\" data-id=\"0370c81\" data-element_type=\"container\">\n\t\t\t\t<div class=\"elementor-element elementor-element-9bb739c animated-slow elementor-invisible elementor-widget elementor-widget-heading\" data-id=\"9bb739c\" data-element_type=\"widget\" data-settings=\"{&quot;_animation&quot;:&quot;slideInUp&quot;}\" data-widget_type=\"heading.default\">\n\t\t\t\t<div class=\"elementor-widget-container\">\n\t\t\t<h2 class=\"elementor-heading-title elementor-size-default\">MESTRE <BR>BENVINDO<\/h2>\t\t<\/div>\n\t\t\t\t<\/div>\n\t\t\t\t<div class=\"elementor-element elementor-element-1835ad0 elementor-widget elementor-widget-text-editor\" data-id=\"1835ad0\" data-element_type=\"widget\" data-widget_type=\"text-editor.default\">\n\t\t\t\t<div class=\"elementor-widget-container\">\n\t\t\t\t\t\t\t<p>Mozaniel Calixto da Mata: conhecido como Mestre Benvindo na capoeira in\u00edcio seus primeiros passos na capoeira em 82 com professor Didico aluno de mestra \u00edndio capoeira de Rua em Ubaitaba mudando para Itacar\u00e9 em 87 onde juntou com amigos nativos treinando sem Mestre. E em 92 se entegrou a\u00ed Grupo Luanda com o rec\u00e9m chegado professor Paulo Jamaica. Se formou mestre em 2019 com o Mestre Romero do grupo Luanda. E em 2024 idealizou o Grupo LUANDEIROS CAPOEIRA junto com M. Peixe, M. Rey e C. Caranga.<\/p>\t\t\t\t\t\t<\/div>\n\t\t\t\t<\/div>\n\t\t\t\t<div class=\"elementor-element elementor-element-c684908 elementor-align-left elementor-widget elementor-widget-button\" data-id=\"c684908\" data-element_type=\"widget\" data-widget_type=\"button.default\">\n\t\t\t\t<div class=\"elementor-widget-container\">\n\t\t\t\t\t<div class=\"elementor-button-wrapper\">\n\t\t\t<a class=\"elementor-button elementor-button-link elementor-size-lg elementor-animation-grow\" href=\"#\">\n\t\t\t\t\t\t<span class=\"elementor-button-content-wrapper\">\n\t\t\t\t\t\t\t\t\t<span class=\"elementor-button-text\">FALE COMIGO<\/span>\n\t\t\t\t\t<\/span>\n\t\t\t\t\t<\/a>\n\t\t<\/div>\n\t\t\t\t<\/div>\n\t\t\t\t<\/div>\n\t\t\t\t<\/div>\n\t\t\t\t<\/div>\n\t\t\t\t\t<\/div>\n\t\t\t\t<\/div>\n\t\t\t\t<\/div>\n\t\t","protected":false},"excerpt":{"rendered":"<p>MESTRE BENVINDO Mozaniel Calixto da Mata: conhecido como Mestre Benvindo na capoeira in\u00edcio seus primeiros passos na capoeira em 82 com professor Didico aluno de mestra \u00edndio capoeira de Rua em Ubaitaba mudando para Itacar\u00e9 em 87 onde juntou com amigos nativos treinando sem Mestre. E em 92 se entegrou a\u00ed Grupo Luanda com o [&hellip;]<\/p>\n","protected":false},"author":1,"featured_media":0,"parent":0,"menu_order":0,"comment_status":"closed","ping_status":"closed","template":"elementor_header_footer","meta":{"footnotes":""},"class_list":["post-20","page","type-page","status-publish","hentry"],"_links":{"self":[{"href":"https:\/\/luandeiroscapoeira.com.br\/index.php\/wp-json\/wp\/v2\/pages\/20","targetHints":{"allow":["GET"]}}],"collection":[{"href":"https:\/\/luandeiroscapoeira.com.br\/index.php\/wp-json\/wp\/v2\/pages"}],"about":[{"href":"https:\/\/luandeiroscapoeira.com.br\/index.php\/wp-json\/wp\/v2\/types\/page"}],"author":[{"embeddable":true,"href":"https:\/\/luandeiroscapoeira.com.br\/index.php\/wp-json\/wp\/v2\/users\/1"}],"replies":[{"embeddable":true,"href":"https:\/\/luandeiroscapoeira.com.br\/index.php\/wp-json\/wp\/v2\/comments?post=20"}],"version-history":[{"count":4,"href":"https:\/\/luandeiroscapoeira.com.br\/index.php\/wp-json\/wp\/v2\/pages\/20\/revisions"}],"predecessor-version":[{"id":121,"href":"https:\/\/luandeiroscapoeira.com.br\/index.php\/wp-json\/wp\/v2\/pages\/20\/revisions\/121"}],"wp:attachment":[{"href":"https:\/\/luandeiroscapoeira.com.br\/index.php\/wp-json\/wp\/v2\/media?parent=20"}],"curies":[{"name":"wp","href":"https:\/\/api.w.org\/{rel}","templated":true}]}}