{"id":27,"date":"2024-10-10T16:01:31","date_gmt":"2024-10-10T16:01:31","guid":{"rendered":"https:\/\/luandeiroscapoeira.com.br\/?page_id=27"},"modified":"2024-10-10T20:31:19","modified_gmt":"2024-10-10T20:31:19","slug":"mestre-caranga","status":"publish","type":"page","link":"https:\/\/luandeiroscapoeira.com.br\/index.php\/mestre-caranga\/","title":{"rendered":"Contramestre Caranga"},"content":{"rendered":"\t\t<div data-elementor-type=\"wp-page\" data-elementor-id=\"27\" class=\"elementor elementor-27\" data-elementor-post-type=\"page\">\n\t\t\t\t<div class=\"elementor-element elementor-element-91b7cf8 e-flex e-con-boxed e-con e-parent\" data-id=\"91b7cf8\" data-element_type=\"container\">\n\t\t\t\t\t<div class=\"e-con-inner\">\n\t\t<div class=\"elementor-element elementor-element-5e5249d e-con-full e-flex e-con e-child\" data-id=\"5e5249d\" data-element_type=\"container\" data-settings=\"{&quot;background_background&quot;:&quot;classic&quot;}\">\n\t\t\t\t<div class=\"elementor-element elementor-element-ab043da elementor-widget__width-initial elementor-widget elementor-widget-image\" data-id=\"ab043da\" data-element_type=\"widget\" data-widget_type=\"image.default\">\n\t\t\t\t<div class=\"elementor-widget-container\">\n\t\t\t\t\t\t\t\t\t\t\t\t\t<img fetchpriority=\"high\" decoding=\"async\" width=\"767\" height=\"1024\" src=\"https:\/\/luandeiroscapoeira.com.br\/wp-content\/uploads\/2024\/10\/WhatsApp-Image-2024-10-10-at-13.00.28-767x1024.jpeg\" class=\"attachment-large size-large wp-image-105\" alt=\"\" srcset=\"https:\/\/luandeiroscapoeira.com.br\/wp-content\/uploads\/2024\/10\/WhatsApp-Image-2024-10-10-at-13.00.28-767x1024.jpeg 767w, https:\/\/luandeiroscapoeira.com.br\/wp-content\/uploads\/2024\/10\/WhatsApp-Image-2024-10-10-at-13.00.28-225x300.jpeg 225w, https:\/\/luandeiroscapoeira.com.br\/wp-content\/uploads\/2024\/10\/WhatsApp-Image-2024-10-10-at-13.00.28-768x1025.jpeg 768w, https:\/\/luandeiroscapoeira.com.br\/wp-content\/uploads\/2024\/10\/WhatsApp-Image-2024-10-10-at-13.00.28-1151x1536.jpeg 1151w, https:\/\/luandeiroscapoeira.com.br\/wp-content\/uploads\/2024\/10\/WhatsApp-Image-2024-10-10-at-13.00.28.jpeg 1199w\" sizes=\"(max-width: 767px) 100vw, 767px\" \/>\t\t\t\t\t\t\t\t\t\t\t\t\t<\/div>\n\t\t\t\t<\/div>\n\t\t<div class=\"elementor-element elementor-element-241161a e-con-full e-flex e-con e-child\" data-id=\"241161a\" data-element_type=\"container\">\n\t\t\t\t<div class=\"elementor-element elementor-element-c04d809 animated-slow elementor-invisible elementor-widget elementor-widget-heading\" data-id=\"c04d809\" data-element_type=\"widget\" data-settings=\"{&quot;_animation&quot;:&quot;slideInUp&quot;}\" data-widget_type=\"heading.default\">\n\t\t\t\t<div class=\"elementor-widget-container\">\n\t\t\t<h2 class=\"elementor-heading-title elementor-size-default\">C.MESTRE <BR>CARANGA<\/h2>\t\t<\/div>\n\t\t\t\t<\/div>\n\t\t\t\t<div class=\"elementor-element elementor-element-104d9fe elementor-widget elementor-widget-text-editor\" data-id=\"104d9fe\" data-element_type=\"widget\" data-widget_type=\"text-editor.default\">\n\t\t\t\t<div class=\"elementor-widget-container\">\n\t\t\t\t\t\t\t<p>Alex Nascimento, conhecido na capoeira como Caranga, iniciou sua jornada em 1994, no bairro S\u00e3o Gon\u00e7alo do Retiro, com Mestre Sass\u00e1, praticando capoeira na rua. Posteriormente, treinou com Mestre Barba Branca no projeto Il\u00ea Ax\u00e9 Op\u00f3 Afonj\u00e1 da M\u00e3e Stella.<\/p><p>Em 1999, ingressou no grupo Luanda, onde progrediu at\u00e9 alcan\u00e7ar a corda de Professor, sob a orienta\u00e7\u00e3o do Mestre Jacarand\u00e1.<\/p><p>Em 2024, foi reconhecido como Mestre pelo Mestre Benvindo, durante a funda\u00e7\u00e3o do grupo Luandeiros.<\/p>\t\t\t\t\t\t<\/div>\n\t\t\t\t<\/div>\n\t\t\t\t<div class=\"elementor-element elementor-element-2efe4ff elementor-align-left elementor-widget elementor-widget-button\" data-id=\"2efe4ff\" data-element_type=\"widget\" data-widget_type=\"button.default\">\n\t\t\t\t<div class=\"elementor-widget-container\">\n\t\t\t\t\t<div class=\"elementor-button-wrapper\">\n\t\t\t<a class=\"elementor-button elementor-button-link elementor-size-lg elementor-animation-grow\" href=\"#\">\n\t\t\t\t\t\t<span class=\"elementor-button-content-wrapper\">\n\t\t\t\t\t\t\t\t\t<span class=\"elementor-button-text\">FALE COMIGO<\/span>\n\t\t\t\t\t<\/span>\n\t\t\t\t\t<\/a>\n\t\t<\/div>\n\t\t\t\t<\/div>\n\t\t\t\t<\/div>\n\t\t\t\t<\/div>\n\t\t\t\t<\/div>\n\t\t\t\t\t<\/div>\n\t\t\t\t<\/div>\n\t\t\t\t<\/div>\n\t\t","protected":false},"excerpt":{"rendered":"<p>C.MESTRE CARANGA Alex Nascimento, conhecido na capoeira como Caranga, iniciou sua jornada em 1994, no bairro S\u00e3o Gon\u00e7alo do Retiro, com Mestre Sass\u00e1, praticando capoeira na rua. Posteriormente, treinou com Mestre Barba Branca no projeto Il\u00ea Ax\u00e9 Op\u00f3 Afonj\u00e1 da M\u00e3e Stella. Em 1999, ingressou no grupo Luanda, onde progrediu at\u00e9 alcan\u00e7ar a corda de [&hellip;]<\/p>\n","protected":false},"author":1,"featured_media":0,"parent":0,"menu_order":0,"comment_status":"closed","ping_status":"closed","template":"elementor_header_footer","meta":{"footnotes":""},"class_list":["post-27","page","type-page","status-publish","hentry"],"_links":{"self":[{"href":"https:\/\/luandeiroscapoeira.com.br\/index.php\/wp-json\/wp\/v2\/pages\/27","targetHints":{"allow":["GET"]}}],"collection":[{"href":"https:\/\/luandeiroscapoeira.com.br\/index.php\/wp-json\/wp\/v2\/pages"}],"about":[{"href":"https:\/\/luandeiroscapoeira.com.br\/index.php\/wp-json\/wp\/v2\/types\/page"}],"author":[{"embeddable":true,"href":"https:\/\/luandeiroscapoeira.com.br\/index.php\/wp-json\/wp\/v2\/users\/1"}],"replies":[{"embeddable":true,"href":"https:\/\/luandeiroscapoeira.com.br\/index.php\/wp-json\/wp\/v2\/comments?post=27"}],"version-history":[{"count":5,"href":"https:\/\/luandeiroscapoeira.com.br\/index.php\/wp-json\/wp\/v2\/pages\/27\/revisions"}],"predecessor-version":[{"id":118,"href":"https:\/\/luandeiroscapoeira.com.br\/index.php\/wp-json\/wp\/v2\/pages\/27\/revisions\/118"}],"wp:attachment":[{"href":"https:\/\/luandeiroscapoeira.com.br\/index.php\/wp-json\/wp\/v2\/media?parent=27"}],"curies":[{"name":"wp","href":"https:\/\/api.w.org\/{rel}","templated":true}]}}