{"id":30,"date":"2024-10-10T16:02:15","date_gmt":"2024-10-10T16:02:15","guid":{"rendered":"https:\/\/luandeiroscapoeira.com.br\/?page_id=30"},"modified":"2024-10-10T20:28:27","modified_gmt":"2024-10-10T20:28:27","slug":"mestre-rey","status":"publish","type":"page","link":"https:\/\/luandeiroscapoeira.com.br\/index.php\/mestre-rey\/","title":{"rendered":"Mestre Rey"},"content":{"rendered":"\t\t<div data-elementor-type=\"wp-page\" data-elementor-id=\"30\" class=\"elementor elementor-30\" data-elementor-post-type=\"page\">\n\t\t\t\t<div class=\"elementor-element elementor-element-9cf058f e-flex e-con-boxed e-con e-parent\" data-id=\"9cf058f\" data-element_type=\"container\">\n\t\t\t\t\t<div class=\"e-con-inner\">\n\t\t<div class=\"elementor-element elementor-element-7003eef e-con-full e-flex e-con e-child\" data-id=\"7003eef\" data-element_type=\"container\" data-settings=\"{&quot;background_background&quot;:&quot;classic&quot;}\">\n\t\t\t\t<div class=\"elementor-element elementor-element-1fa389f elementor-widget__width-initial elementor-widget elementor-widget-image\" data-id=\"1fa389f\" data-element_type=\"widget\" data-widget_type=\"image.default\">\n\t\t\t\t<div class=\"elementor-widget-container\">\n\t\t\t\t\t\t\t\t\t\t\t\t\t<img fetchpriority=\"high\" decoding=\"async\" width=\"768\" height=\"1024\" src=\"https:\/\/luandeiroscapoeira.com.br\/wp-content\/uploads\/2024\/10\/WhatsApp-Image-2024-10-10-at-12.59.51-768x1024.jpeg\" class=\"attachment-large size-large wp-image-106\" alt=\"\" srcset=\"https:\/\/luandeiroscapoeira.com.br\/wp-content\/uploads\/2024\/10\/WhatsApp-Image-2024-10-10-at-12.59.51-768x1023.jpeg 768w, https:\/\/luandeiroscapoeira.com.br\/wp-content\/uploads\/2024\/10\/WhatsApp-Image-2024-10-10-at-12.59.51-225x300.jpeg 225w, https:\/\/luandeiroscapoeira.com.br\/wp-content\/uploads\/2024\/10\/WhatsApp-Image-2024-10-10-at-12.59.51-1153x1536.jpeg 1153w, https:\/\/luandeiroscapoeira.com.br\/wp-content\/uploads\/2024\/10\/WhatsApp-Image-2024-10-10-at-12.59.51.jpeg 1200w\" sizes=\"(max-width: 768px) 100vw, 768px\" \/>\t\t\t\t\t\t\t\t\t\t\t\t\t<\/div>\n\t\t\t\t<\/div>\n\t\t<div class=\"elementor-element elementor-element-142332f e-con-full e-flex e-con e-child\" data-id=\"142332f\" data-element_type=\"container\">\n\t\t\t\t<div class=\"elementor-element elementor-element-dc1cf1a animated-slow elementor-invisible elementor-widget elementor-widget-heading\" data-id=\"dc1cf1a\" data-element_type=\"widget\" data-settings=\"{&quot;_animation&quot;:&quot;slideInUp&quot;}\" data-widget_type=\"heading.default\">\n\t\t\t\t<div class=\"elementor-widget-container\">\n\t\t\t<h2 class=\"elementor-heading-title elementor-size-default\">MESTRE <BR>REY<\/h2>\t\t<\/div>\n\t\t\t\t<\/div>\n\t\t\t\t<div class=\"elementor-element elementor-element-d576883 elementor-widget elementor-widget-text-editor\" data-id=\"d576883\" data-element_type=\"widget\" data-widget_type=\"text-editor.default\">\n\t\t\t\t<div class=\"elementor-widget-container\">\n\t\t\t\t\t\t\t<p>Reinaldo Moreira; (Mestre Rey).<br \/>Conheceu muito jovem a capoeira na cidade de Itacar\u00e9. Foi aluno do Mestre Jamaica do grupo Luanda de Salvador fundado Pelo Mestre Ezequiel, disc\u00edpulo do Mestre Bimba o fundador da Capoeira Regional.<br \/>Em 1999 com o gradua\u00e7\u00e3o de professor se transferiu para Europa. Ap\u00f3s 25 anos de luta foi-me reconhecido a gradua\u00e7\u00e3o de Mestre onde est\u00e1 <br \/>Iniciando uma nova experi\u00eancia juntamente com outros mestres na funda\u00e7\u00e3o do grupo internacional Luandeiros Capoeira.<\/p>\t\t\t\t\t\t<\/div>\n\t\t\t\t<\/div>\n\t\t\t\t<div class=\"elementor-element elementor-element-ad82494 elementor-align-left elementor-widget elementor-widget-button\" data-id=\"ad82494\" data-element_type=\"widget\" data-widget_type=\"button.default\">\n\t\t\t\t<div class=\"elementor-widget-container\">\n\t\t\t\t\t<div class=\"elementor-button-wrapper\">\n\t\t\t<a class=\"elementor-button elementor-button-link elementor-size-lg elementor-animation-grow\" href=\"#\">\n\t\t\t\t\t\t<span class=\"elementor-button-content-wrapper\">\n\t\t\t\t\t\t\t\t\t<span class=\"elementor-button-text\">FALE COMIGO<\/span>\n\t\t\t\t\t<\/span>\n\t\t\t\t\t<\/a>\n\t\t<\/div>\n\t\t\t\t<\/div>\n\t\t\t\t<\/div>\n\t\t\t\t<\/div>\n\t\t\t\t<\/div>\n\t\t\t\t\t<\/div>\n\t\t\t\t<\/div>\n\t\t\t\t<\/div>\n\t\t","protected":false},"excerpt":{"rendered":"<p>MESTRE REY Reinaldo Moreira; (Mestre Rey).Conheceu muito jovem a capoeira na cidade de Itacar\u00e9. Foi aluno do Mestre Jamaica do grupo Luanda de Salvador fundado Pelo Mestre Ezequiel, disc\u00edpulo do Mestre Bimba o fundador da Capoeira Regional.Em 1999 com o gradua\u00e7\u00e3o de professor se transferiu para Europa. Ap\u00f3s 25 anos de luta foi-me reconhecido a [&hellip;]<\/p>\n","protected":false},"author":1,"featured_media":0,"parent":0,"menu_order":0,"comment_status":"closed","ping_status":"closed","template":"elementor_header_footer","meta":{"footnotes":""},"class_list":["post-30","page","type-page","status-publish","hentry"],"_links":{"self":[{"href":"https:\/\/luandeiroscapoeira.com.br\/index.php\/wp-json\/wp\/v2\/pages\/30","targetHints":{"allow":["GET"]}}],"collection":[{"href":"https:\/\/luandeiroscapoeira.com.br\/index.php\/wp-json\/wp\/v2\/pages"}],"about":[{"href":"https:\/\/luandeiroscapoeira.com.br\/index.php\/wp-json\/wp\/v2\/types\/page"}],"author":[{"embeddable":true,"href":"https:\/\/luandeiroscapoeira.com.br\/index.php\/wp-json\/wp\/v2\/users\/1"}],"replies":[{"embeddable":true,"href":"https:\/\/luandeiroscapoeira.com.br\/index.php\/wp-json\/wp\/v2\/comments?post=30"}],"version-history":[{"count":4,"href":"https:\/\/luandeiroscapoeira.com.br\/index.php\/wp-json\/wp\/v2\/pages\/30\/revisions"}],"predecessor-version":[{"id":114,"href":"https:\/\/luandeiroscapoeira.com.br\/index.php\/wp-json\/wp\/v2\/pages\/30\/revisions\/114"}],"wp:attachment":[{"href":"https:\/\/luandeiroscapoeira.com.br\/index.php\/wp-json\/wp\/v2\/media?parent=30"}],"curies":[{"name":"wp","href":"https:\/\/api.w.org\/{rel}","templated":true}]}}